{"id":3609,"date":"2025-07-30T20:00:33","date_gmt":"2025-07-30T20:00:33","guid":{"rendered":"https:\/\/aquanovapools.com\/?page_id=3609"},"modified":"2025-08-05T18:45:18","modified_gmt":"2025-08-05T18:45:18","slug":"mantenimiento-2","status":"publish","type":"page","link":"https:\/\/aquanovapools.com\/es_cr\/mantenimiento-2\/","title":{"rendered":"Mantenimiento"},"content":{"rendered":"\t\t<div data-elementor-type=\"wp-page\" data-elementor-id=\"3609\" class=\"elementor elementor-3609\">\n\t\t\t\t<div class=\"elementor-element elementor-element-b78bcb8 e-con-full e-flex e-con e-parent\" data-id=\"b78bcb8\" data-element_type=\"container\" data-settings=\"{&quot;background_background&quot;:&quot;classic&quot;}\">\n\t\t\t\t<div class=\"elementor-element elementor-element-8c7bcf6 elementor-widget elementor-widget-heading\" data-id=\"8c7bcf6\" data-element_type=\"widget\" data-widget_type=\"heading.default\">\n\t\t\t\t<div class=\"elementor-widget-container\">\n\t\t\t\t\t<h2 class=\"elementor-heading-title elementor-size-default\">Mantenimiento<\/h2>\t\t\t\t<\/div>\n\t\t\t\t<\/div>\n\t\t\t\t<\/div>\n\t\t<div class=\"elementor-element elementor-element-9d29372 e-con-full e-flex e-con e-parent\" data-id=\"9d29372\" data-element_type=\"container\">\n\t\t<div class=\"elementor-element elementor-element-6ea8ee0 e-con-full e-flex e-con e-child\" data-id=\"6ea8ee0\" data-element_type=\"container\">\n\t\t\t\t<div class=\"elementor-element elementor-element-5b327d1 elementor-widget elementor-widget-image\" data-id=\"5b327d1\" data-element_type=\"widget\" data-widget_type=\"image.default\">\n\t\t\t\t<div class=\"elementor-widget-container\">\n\t\t\t\t\t\t\t\t\t\t\t\t\t\t\t<img fetchpriority=\"high\" decoding=\"async\" width=\"319\" height=\"428\" src=\"https:\/\/aquanovapools.com\/wp-content\/uploads\/2025\/07\/WhatsApp-Image-2025-07-30-at-14.36.15.jpeg\" class=\"attachment-full size-full wp-image-3677\" alt=\"\" srcset=\"https:\/\/aquanovapools.com\/wp-content\/uploads\/2025\/07\/WhatsApp-Image-2025-07-30-at-14.36.15.jpeg 319w, https:\/\/aquanovapools.com\/wp-content\/uploads\/2025\/07\/WhatsApp-Image-2025-07-30-at-14.36.15-224x300.jpeg 224w\" sizes=\"(max-width: 319px) 100vw, 319px\" \/>\t\t\t\t\t\t\t\t\t\t\t\t\t\t\t<\/div>\n\t\t\t\t<\/div>\n\t\t\t\t<\/div>\n\t\t<div class=\"elementor-element elementor-element-ef19bb0 e-con-full e-flex e-con e-child\" data-id=\"ef19bb0\" data-element_type=\"container\">\n\t\t\t\t<div class=\"elementor-element elementor-element-2bee8e3 elementor-widget elementor-widget-heading\" data-id=\"2bee8e3\" data-element_type=\"widget\" data-widget_type=\"heading.default\">\n\t\t\t\t<div class=\"elementor-widget-container\">\n\t\t\t\t\t<p class=\"elementor-heading-title elementor-size-default\">Ofrecemos servicios especializados de mantenimiento correctivo, preventivo y predictivo para piscinas, bombas, paneles solares, sistemas el\u00e9ctricos e hidr\u00e1ulicos. Adaptamos la frecuencia de nuestros servicios \u2014mensual, trimestral o anual\u2014 seg\u00fan las necesidades de cada proyecto, garantizando el m\u00e1ximo rendimiento y la prolongaci\u00f3n de la vida \u00fatil de los equipos.\n<\/br><\/br>\nTrabajamos con residencias, hoteles, comercios e industrias, asegurando la continuidad operativa de sus instalaciones y minimizando tiempos de inactividad. Nuestro enfoque combina experiencia t\u00e9cnica, herramientas avanzadas y pr\u00e1cticas de mantenimiento eficientes para prevenir aver\u00edas, optimizar el consumo energ\u00e9tico y reducir costos a largo plazo.\n<\/br><\/br>\nCon nosotros, tu inversi\u00f3n se mantiene protegida y en perfectas condiciones de funcionamiento, sin importar la escala de tu proyecto.<\/p>\t\t\t\t<\/div>\n\t\t\t\t<\/div>\n\t\t\t\t<\/div>\n\t\t\t\t<\/div>\n\t\t<div class=\"elementor-element elementor-element-f49ca91 e-flex e-con-boxed e-con e-parent\" data-id=\"f49ca91\" data-element_type=\"container\">\n\t\t\t\t\t<div class=\"e-con-inner\">\n\t\t<div class=\"elementor-element elementor-element-1e8eeef e-con-full e-flex e-con e-child\" data-id=\"1e8eeef\" data-element_type=\"container\">\n\t\t<div class=\"elementor-element elementor-element-df930be e-con-full e-flex e-con e-child\" data-id=\"df930be\" data-element_type=\"container\">\n\t\t\t\t<div class=\"elementor-element elementor-element-42e204d elementor-widget elementor-widget-image\" data-id=\"42e204d\" data-element_type=\"widget\" data-widget_type=\"image.default\">\n\t\t\t\t<div class=\"elementor-widget-container\">\n\t\t\t\t\t\t\t\t\t\t\t\t\t\t\t\t<a href=\"\/2025\/07\/01\/proyecto-g1\/\">\n\t\t\t\t\t\t\t<img decoding=\"async\" width=\"900\" height=\"900\" src=\"https:\/\/aquanovapools.com\/wp-content\/uploads\/2025\/07\/p5.jpg\" class=\"attachment-full size-full wp-image-3439\" alt=\"\" srcset=\"https:\/\/aquanovapools.com\/wp-content\/uploads\/2025\/07\/p5.jpg 900w, https:\/\/aquanovapools.com\/wp-content\/uploads\/2025\/07\/p5-300x300.jpg 300w, https:\/\/aquanovapools.com\/wp-content\/uploads\/2025\/07\/p5-150x150.jpg 150w, https:\/\/aquanovapools.com\/wp-content\/uploads\/2025\/07\/p5-768x768.jpg 768w\" sizes=\"(max-width: 900px) 100vw, 900px\" \/>\t\t\t\t\t\t\t\t<\/a>\n\t\t\t\t\t\t\t\t\t\t\t\t\t\t\t<\/div>\n\t\t\t\t<\/div>\n\t\t\t\t<\/div>\n\t\t<div class=\"elementor-element elementor-element-65c2e32 e-con-full e-flex e-con e-child\" data-id=\"65c2e32\" data-element_type=\"container\">\n\t\t\t\t<div class=\"elementor-element elementor-element-ac578df elementor-widget elementor-widget-image\" data-id=\"ac578df\" data-element_type=\"widget\" data-widget_type=\"image.default\">\n\t\t\t\t<div class=\"elementor-widget-container\">\n\t\t\t\t\t\t\t\t\t\t\t\t\t\t\t\t<a href=\"\/2025\/07\/01\/proyecto-tamarindo-1\/\">\n\t\t\t\t\t\t\t<img decoding=\"async\" width=\"1500\" height=\"1500\" src=\"https:\/\/aquanovapools.com\/wp-content\/uploads\/2025\/07\/tamarondo1.jpg\" class=\"attachment-full size-full wp-image-3524\" alt=\"\" srcset=\"https:\/\/aquanovapools.com\/wp-content\/uploads\/2025\/07\/tamarondo1.jpg 1500w, https:\/\/aquanovapools.com\/wp-content\/uploads\/2025\/07\/tamarondo1-300x300.jpg 300w, https:\/\/aquanovapools.com\/wp-content\/uploads\/2025\/07\/tamarondo1-1024x1024.jpg 1024w, https:\/\/aquanovapools.com\/wp-content\/uploads\/2025\/07\/tamarondo1-150x150.jpg 150w, https:\/\/aquanovapools.com\/wp-content\/uploads\/2025\/07\/tamarondo1-768x768.jpg 768w\" sizes=\"(max-width: 1500px) 100vw, 1500px\" \/>\t\t\t\t\t\t\t\t<\/a>\n\t\t\t\t\t\t\t\t\t\t\t\t\t\t\t<\/div>\n\t\t\t\t<\/div>\n\t\t\t\t<\/div>\n\t\t\t\t<\/div>\n\t\t<div class=\"elementor-element elementor-element-d723329 e-con-full e-flex e-con e-child\" data-id=\"d723329\" data-element_type=\"container\">\n\t\t<div class=\"elementor-element elementor-element-3f953e6 e-con-full e-flex e-con e-child\" data-id=\"3f953e6\" data-element_type=\"container\">\n\t\t\t\t<div class=\"elementor-element elementor-element-9d8523b elementor-widget elementor-widget-image\" data-id=\"9d8523b\" data-element_type=\"widget\" data-widget_type=\"image.default\">\n\t\t\t\t<div class=\"elementor-widget-container\">\n\t\t\t\t\t\t\t\t\t\t\t\t\t\t\t\t<a href=\"\/2025\/07\/29\/proyecto-g2\/\">\n\t\t\t\t\t\t\t<img loading=\"lazy\" decoding=\"async\" width=\"900\" height=\"900\" src=\"https:\/\/aquanovapools.com\/wp-content\/uploads\/2025\/07\/p4.jpg\" class=\"attachment-full size-full wp-image-3438\" alt=\"\" srcset=\"https:\/\/aquanovapools.com\/wp-content\/uploads\/2025\/07\/p4.jpg 900w, https:\/\/aquanovapools.com\/wp-content\/uploads\/2025\/07\/p4-300x300.jpg 300w, https:\/\/aquanovapools.com\/wp-content\/uploads\/2025\/07\/p4-150x150.jpg 150w, https:\/\/aquanovapools.com\/wp-content\/uploads\/2025\/07\/p4-768x768.jpg 768w\" sizes=\"(max-width: 900px) 100vw, 900px\" \/>\t\t\t\t\t\t\t\t<\/a>\n\t\t\t\t\t\t\t\t\t\t\t\t\t\t\t<\/div>\n\t\t\t\t<\/div>\n\t\t\t\t<\/div>\n\t\t\t\t<\/div>\n\t\t<div class=\"elementor-element elementor-element-f080055 e-con-full e-flex e-con e-child\" data-id=\"f080055\" data-element_type=\"container\">\n\t\t<div class=\"elementor-element elementor-element-73a6ed9 e-con-full e-flex e-con e-child\" data-id=\"73a6ed9\" data-element_type=\"container\">\n\t\t\t\t<div class=\"elementor-element elementor-element-b10eae9 elementor-widget elementor-widget-image\" data-id=\"b10eae9\" data-element_type=\"widget\" data-widget_type=\"image.default\">\n\t\t\t\t<div class=\"elementor-widget-container\">\n\t\t\t\t\t\t\t\t\t\t\t\t\t\t\t\t<a href=\"\/2025\/07\/01\/proyecto-ram\/\">\n\t\t\t\t\t\t\t<img loading=\"lazy\" decoding=\"async\" width=\"900\" height=\"900\" src=\"https:\/\/aquanovapools.com\/wp-content\/uploads\/2025\/07\/p3.jpg\" class=\"attachment-full size-full wp-image-3437\" alt=\"\" srcset=\"https:\/\/aquanovapools.com\/wp-content\/uploads\/2025\/07\/p3.jpg 900w, https:\/\/aquanovapools.com\/wp-content\/uploads\/2025\/07\/p3-300x300.jpg 300w, https:\/\/aquanovapools.com\/wp-content\/uploads\/2025\/07\/p3-150x150.jpg 150w, https:\/\/aquanovapools.com\/wp-content\/uploads\/2025\/07\/p3-768x768.jpg 768w\" sizes=\"(max-width: 900px) 100vw, 900px\" \/>\t\t\t\t\t\t\t\t<\/a>\n\t\t\t\t\t\t\t\t\t\t\t\t\t\t\t<\/div>\n\t\t\t\t<\/div>\n\t\t\t\t<\/div>\n\t\t<div class=\"elementor-element elementor-element-d381209 e-con-full e-flex e-con e-child\" data-id=\"d381209\" data-element_type=\"container\">\n\t\t\t\t<div class=\"elementor-element elementor-element-d90d45c elementor-widget elementor-widget-image\" data-id=\"d90d45c\" data-element_type=\"widget\" data-widget_type=\"image.default\">\n\t\t\t\t<div class=\"elementor-widget-container\">\n\t\t\t\t\t\t\t\t\t\t\t\t\t\t\t\t<a href=\"\/2025\/07\/29\/proyecto-magnavia\/\">\n\t\t\t\t\t\t\t<img loading=\"lazy\" decoding=\"async\" width=\"900\" height=\"900\" src=\"https:\/\/aquanovapools.com\/wp-content\/uploads\/2025\/07\/p1.jpg\" class=\"attachment-full size-full wp-image-3435\" alt=\"\" srcset=\"https:\/\/aquanovapools.com\/wp-content\/uploads\/2025\/07\/p1.jpg 900w, https:\/\/aquanovapools.com\/wp-content\/uploads\/2025\/07\/p1-300x300.jpg 300w, https:\/\/aquanovapools.com\/wp-content\/uploads\/2025\/07\/p1-150x150.jpg 150w, https:\/\/aquanovapools.com\/wp-content\/uploads\/2025\/07\/p1-768x768.jpg 768w\" sizes=\"(max-width: 900px) 100vw, 900px\" \/>\t\t\t\t\t\t\t\t<\/a>\n\t\t\t\t\t\t\t\t\t\t\t\t\t\t\t<\/div>\n\t\t\t\t<\/div>\n\t\t\t\t<\/div>\n\t\t\t\t<\/div>\n\t\t\t\t\t<\/div>\n\t\t\t\t<\/div>\n\t\t\t\t<\/div>\n\t\t","protected":false},"excerpt":{"rendered":"<p>Mantenimiento Ofrecemos servicios especializados de mantenimiento correctivo, preventivo y predictivo para piscinas, bombas, paneles solares, sistemas el\u00e9ctricos e hidr\u00e1ulicos. Adaptamos la frecuencia de nuestros servicios \u2014mensual, trimestral o anual\u2014 seg\u00fan las necesidades de cada proyecto, garantizando el m\u00e1ximo rendimiento y la prolongaci\u00f3n de la vida \u00fatil de los equipos. Trabajamos con residencias, hoteles, comercios e [&hellip;]<\/p>\n","protected":false},"author":1,"featured_media":0,"parent":0,"menu_order":0,"comment_status":"closed","ping_status":"closed","template":"","meta":{"footnotes":""},"class_list":["post-3609","page","type-page","status-publish","hentry"],"_links":{"self":[{"href":"https:\/\/aquanovapools.com\/es_cr\/wp-json\/wp\/v2\/pages\/3609","targetHints":{"allow":["GET"]}}],"collection":[{"href":"https:\/\/aquanovapools.com\/es_cr\/wp-json\/wp\/v2\/pages"}],"about":[{"href":"https:\/\/aquanovapools.com\/es_cr\/wp-json\/wp\/v2\/types\/page"}],"author":[{"embeddable":true,"href":"https:\/\/aquanovapools.com\/es_cr\/wp-json\/wp\/v2\/users\/1"}],"replies":[{"embeddable":true,"href":"https:\/\/aquanovapools.com\/es_cr\/wp-json\/wp\/v2\/comments?post=3609"}],"version-history":[{"count":17,"href":"https:\/\/aquanovapools.com\/es_cr\/wp-json\/wp\/v2\/pages\/3609\/revisions"}],"predecessor-version":[{"id":4051,"href":"https:\/\/aquanovapools.com\/es_cr\/wp-json\/wp\/v2\/pages\/3609\/revisions\/4051"}],"wp:attachment":[{"href":"https:\/\/aquanovapools.com\/es_cr\/wp-json\/wp\/v2\/media?parent=3609"}],"curies":[{"name":"wp","href":"https:\/\/api.w.org\/{rel}","templated":true}]}}