{"id":3596,"date":"2025-07-30T19:57:07","date_gmt":"2025-07-30T19:57:07","guid":{"rendered":"https:\/\/aquanovapools.com\/?page_id=3596"},"modified":"2025-08-05T18:44:37","modified_gmt":"2025-08-05T18:44:37","slug":"arquitectura","status":"publish","type":"page","link":"https:\/\/aquanovapools.com\/es_cr\/arquitectura\/","title":{"rendered":"Arquitectura"},"content":{"rendered":"\t\t<div data-elementor-type=\"wp-page\" data-elementor-id=\"3596\" class=\"elementor elementor-3596\">\n\t\t\t\t<div class=\"elementor-element elementor-element-c542429 e-con-full e-flex e-con e-parent\" data-id=\"c542429\" data-element_type=\"container\" data-settings=\"{&quot;background_background&quot;:&quot;classic&quot;}\">\n\t\t\t\t<div class=\"elementor-element elementor-element-da51187 elementor-widget elementor-widget-heading\" data-id=\"da51187\" data-element_type=\"widget\" data-widget_type=\"heading.default\">\n\t\t\t\t<div class=\"elementor-widget-container\">\n\t\t\t\t\t<h2 class=\"elementor-heading-title elementor-size-default\">Arquitectura<\/h2>\t\t\t\t<\/div>\n\t\t\t\t<\/div>\n\t\t\t\t<\/div>\n\t\t<div class=\"elementor-element elementor-element-be306ff e-con-full e-flex e-con e-parent\" data-id=\"be306ff\" data-element_type=\"container\">\n\t\t<div class=\"elementor-element elementor-element-dfb1e4e e-con-full e-flex e-con e-child\" data-id=\"dfb1e4e\" data-element_type=\"container\">\n\t\t\t\t<div class=\"elementor-element elementor-element-203869e elementor-widget elementor-widget-image\" data-id=\"203869e\" data-element_type=\"widget\" data-widget_type=\"image.default\">\n\t\t\t\t<div class=\"elementor-widget-container\">\n\t\t\t\t\t\t\t\t\t\t\t\t\t\t\t<img fetchpriority=\"high\" decoding=\"async\" width=\"700\" height=\"700\" src=\"https:\/\/aquanovapools.com\/wp-content\/uploads\/2025\/07\/disenoarc700.jpg\" class=\"attachment-full size-full wp-image-3601\" alt=\"\" srcset=\"https:\/\/aquanovapools.com\/wp-content\/uploads\/2025\/07\/disenoarc700.jpg 700w, https:\/\/aquanovapools.com\/wp-content\/uploads\/2025\/07\/disenoarc700-300x300.jpg 300w, https:\/\/aquanovapools.com\/wp-content\/uploads\/2025\/07\/disenoarc700-150x150.jpg 150w\" sizes=\"(max-width: 700px) 100vw, 700px\" \/>\t\t\t\t\t\t\t\t\t\t\t\t\t\t\t<\/div>\n\t\t\t\t<\/div>\n\t\t\t\t<\/div>\n\t\t<div class=\"elementor-element elementor-element-8ba0771 e-con-full e-flex e-con e-child\" data-id=\"8ba0771\" data-element_type=\"container\">\n\t\t\t\t<div class=\"elementor-element elementor-element-59faaf0 elementor-widget elementor-widget-heading\" data-id=\"59faaf0\" data-element_type=\"widget\" data-widget_type=\"heading.default\">\n\t\t\t\t<div class=\"elementor-widget-container\">\n\t\t\t\t\t<p class=\"elementor-heading-title elementor-size-default\">Dise\u00f1amos proyectos residenciales y comerciales con un enfoque moderno, funcional y completamente personalizado. Nuestro equipo combina creatividad y precisi\u00f3n t\u00e9cnica, utilizando modelado 3D y renders realistas que te permiten visualizar el resultado final antes de la construcci\u00f3n.\n<\/br><\/br>\nEntregamos planos estructurales completos y coordinamos la integraci\u00f3n de todos los elementos clave: arquitectura, sistemas t\u00e9cnicos y cuerpos de agua, logrando espacios que no solo destacan por su est\u00e9tica, sino tambi\u00e9n por su eficiencia y funcionalidad.\n<\/br><\/br>\nCada proyecto se adapta a las necesidades del cliente, fusionando dise\u00f1o innovador, tecnolog\u00eda avanzada y una planificaci\u00f3n detallada para garantizar resultados de alto nivel. Con nosotros, tus ideas se transforman en entornos \u00fanicos y perfectamente ejecutados.<\/p>\t\t\t\t<\/div>\n\t\t\t\t<\/div>\n\t\t\t\t<\/div>\n\t\t\t\t<\/div>\n\t\t<div class=\"elementor-element elementor-element-0ed3d71 e-flex e-con-boxed e-con e-parent\" data-id=\"0ed3d71\" data-element_type=\"container\">\n\t\t\t\t\t<div class=\"e-con-inner\">\n\t\t<div class=\"elementor-element elementor-element-1872798 e-con-full e-flex e-con e-child\" data-id=\"1872798\" data-element_type=\"container\">\n\t\t<div class=\"elementor-element elementor-element-8c593d4 e-con-full e-flex e-con e-child\" data-id=\"8c593d4\" data-element_type=\"container\">\n\t\t\t\t<div class=\"elementor-element elementor-element-b6882ff elementor-widget elementor-widget-image\" data-id=\"b6882ff\" data-element_type=\"widget\" data-widget_type=\"image.default\">\n\t\t\t\t<div class=\"elementor-widget-container\">\n\t\t\t\t\t\t\t\t\t\t\t\t\t\t\t\t<a href=\"\/2025\/07\/01\/proyecto-g1\/\">\n\t\t\t\t\t\t\t<img decoding=\"async\" width=\"900\" height=\"900\" src=\"https:\/\/aquanovapools.com\/wp-content\/uploads\/2025\/07\/p5.jpg\" class=\"attachment-full size-full wp-image-3439\" alt=\"\" srcset=\"https:\/\/aquanovapools.com\/wp-content\/uploads\/2025\/07\/p5.jpg 900w, https:\/\/aquanovapools.com\/wp-content\/uploads\/2025\/07\/p5-300x300.jpg 300w, https:\/\/aquanovapools.com\/wp-content\/uploads\/2025\/07\/p5-150x150.jpg 150w, https:\/\/aquanovapools.com\/wp-content\/uploads\/2025\/07\/p5-768x768.jpg 768w\" sizes=\"(max-width: 900px) 100vw, 900px\" \/>\t\t\t\t\t\t\t\t<\/a>\n\t\t\t\t\t\t\t\t\t\t\t\t\t\t\t<\/div>\n\t\t\t\t<\/div>\n\t\t\t\t<\/div>\n\t\t<div class=\"elementor-element elementor-element-1311a8b e-con-full e-flex e-con e-child\" data-id=\"1311a8b\" data-element_type=\"container\">\n\t\t\t\t<div class=\"elementor-element elementor-element-40d5eaf elementor-widget elementor-widget-image\" data-id=\"40d5eaf\" data-element_type=\"widget\" data-widget_type=\"image.default\">\n\t\t\t\t<div class=\"elementor-widget-container\">\n\t\t\t\t\t\t\t\t\t\t\t\t\t\t\t\t<a href=\"\/2025\/07\/01\/proyecto-tamarindo-1\/\">\n\t\t\t\t\t\t\t<img decoding=\"async\" width=\"1500\" height=\"1500\" src=\"https:\/\/aquanovapools.com\/wp-content\/uploads\/2025\/07\/tamarondo1.jpg\" class=\"attachment-full size-full wp-image-3524\" alt=\"\" srcset=\"https:\/\/aquanovapools.com\/wp-content\/uploads\/2025\/07\/tamarondo1.jpg 1500w, https:\/\/aquanovapools.com\/wp-content\/uploads\/2025\/07\/tamarondo1-300x300.jpg 300w, https:\/\/aquanovapools.com\/wp-content\/uploads\/2025\/07\/tamarondo1-1024x1024.jpg 1024w, https:\/\/aquanovapools.com\/wp-content\/uploads\/2025\/07\/tamarondo1-150x150.jpg 150w, https:\/\/aquanovapools.com\/wp-content\/uploads\/2025\/07\/tamarondo1-768x768.jpg 768w\" sizes=\"(max-width: 1500px) 100vw, 1500px\" \/>\t\t\t\t\t\t\t\t<\/a>\n\t\t\t\t\t\t\t\t\t\t\t\t\t\t\t<\/div>\n\t\t\t\t<\/div>\n\t\t\t\t<\/div>\n\t\t\t\t<\/div>\n\t\t<div class=\"elementor-element elementor-element-5375bb0 e-con-full e-flex e-con e-child\" data-id=\"5375bb0\" data-element_type=\"container\">\n\t\t<div class=\"elementor-element elementor-element-f0984a7 e-con-full e-flex e-con e-child\" data-id=\"f0984a7\" data-element_type=\"container\">\n\t\t\t\t<div class=\"elementor-element elementor-element-1da8f96 elementor-widget elementor-widget-image\" data-id=\"1da8f96\" data-element_type=\"widget\" data-widget_type=\"image.default\">\n\t\t\t\t<div class=\"elementor-widget-container\">\n\t\t\t\t\t\t\t\t\t\t\t\t\t\t\t\t<a href=\"\/2025\/07\/29\/proyecto-g2\/\">\n\t\t\t\t\t\t\t<img loading=\"lazy\" decoding=\"async\" width=\"900\" height=\"900\" src=\"https:\/\/aquanovapools.com\/wp-content\/uploads\/2025\/07\/p4.jpg\" class=\"attachment-full size-full wp-image-3438\" alt=\"\" srcset=\"https:\/\/aquanovapools.com\/wp-content\/uploads\/2025\/07\/p4.jpg 900w, https:\/\/aquanovapools.com\/wp-content\/uploads\/2025\/07\/p4-300x300.jpg 300w, https:\/\/aquanovapools.com\/wp-content\/uploads\/2025\/07\/p4-150x150.jpg 150w, https:\/\/aquanovapools.com\/wp-content\/uploads\/2025\/07\/p4-768x768.jpg 768w\" sizes=\"(max-width: 900px) 100vw, 900px\" \/>\t\t\t\t\t\t\t\t<\/a>\n\t\t\t\t\t\t\t\t\t\t\t\t\t\t\t<\/div>\n\t\t\t\t<\/div>\n\t\t\t\t<\/div>\n\t\t\t\t<\/div>\n\t\t<div class=\"elementor-element elementor-element-ed8a7bd e-con-full e-flex e-con e-child\" data-id=\"ed8a7bd\" data-element_type=\"container\">\n\t\t<div class=\"elementor-element elementor-element-63bb5a1 e-con-full e-flex e-con e-child\" data-id=\"63bb5a1\" data-element_type=\"container\">\n\t\t\t\t<div class=\"elementor-element elementor-element-522e912 elementor-widget elementor-widget-image\" data-id=\"522e912\" data-element_type=\"widget\" data-widget_type=\"image.default\">\n\t\t\t\t<div class=\"elementor-widget-container\">\n\t\t\t\t\t\t\t\t\t\t\t\t\t\t\t\t<a href=\"\/2025\/07\/01\/proyecto-ram\/\">\n\t\t\t\t\t\t\t<img loading=\"lazy\" decoding=\"async\" width=\"900\" height=\"900\" src=\"https:\/\/aquanovapools.com\/wp-content\/uploads\/2025\/07\/p3.jpg\" class=\"attachment-full size-full wp-image-3437\" alt=\"\" srcset=\"https:\/\/aquanovapools.com\/wp-content\/uploads\/2025\/07\/p3.jpg 900w, https:\/\/aquanovapools.com\/wp-content\/uploads\/2025\/07\/p3-300x300.jpg 300w, https:\/\/aquanovapools.com\/wp-content\/uploads\/2025\/07\/p3-150x150.jpg 150w, https:\/\/aquanovapools.com\/wp-content\/uploads\/2025\/07\/p3-768x768.jpg 768w\" sizes=\"(max-width: 900px) 100vw, 900px\" \/>\t\t\t\t\t\t\t\t<\/a>\n\t\t\t\t\t\t\t\t\t\t\t\t\t\t\t<\/div>\n\t\t\t\t<\/div>\n\t\t\t\t<\/div>\n\t\t<div class=\"elementor-element elementor-element-fe3c1d6 e-con-full e-flex e-con e-child\" data-id=\"fe3c1d6\" data-element_type=\"container\">\n\t\t\t\t<div class=\"elementor-element elementor-element-17b549d elementor-widget elementor-widget-image\" data-id=\"17b549d\" data-element_type=\"widget\" data-widget_type=\"image.default\">\n\t\t\t\t<div class=\"elementor-widget-container\">\n\t\t\t\t\t\t\t\t\t\t\t\t\t\t\t\t<a href=\"\/2025\/07\/29\/proyecto-magnavia\/\">\n\t\t\t\t\t\t\t<img loading=\"lazy\" decoding=\"async\" width=\"900\" height=\"900\" src=\"https:\/\/aquanovapools.com\/wp-content\/uploads\/2025\/07\/p1.jpg\" class=\"attachment-full size-full wp-image-3435\" alt=\"\" srcset=\"https:\/\/aquanovapools.com\/wp-content\/uploads\/2025\/07\/p1.jpg 900w, https:\/\/aquanovapools.com\/wp-content\/uploads\/2025\/07\/p1-300x300.jpg 300w, https:\/\/aquanovapools.com\/wp-content\/uploads\/2025\/07\/p1-150x150.jpg 150w, https:\/\/aquanovapools.com\/wp-content\/uploads\/2025\/07\/p1-768x768.jpg 768w\" sizes=\"(max-width: 900px) 100vw, 900px\" \/>\t\t\t\t\t\t\t\t<\/a>\n\t\t\t\t\t\t\t\t\t\t\t\t\t\t\t<\/div>\n\t\t\t\t<\/div>\n\t\t\t\t<\/div>\n\t\t\t\t<\/div>\n\t\t\t\t\t<\/div>\n\t\t\t\t<\/div>\n\t\t\t\t<\/div>\n\t\t","protected":false},"excerpt":{"rendered":"<p>Arquitectura Dise\u00f1amos proyectos residenciales y comerciales con un enfoque moderno, funcional y completamente personalizado. Nuestro equipo combina creatividad y precisi\u00f3n t\u00e9cnica, utilizando modelado 3D y renders realistas que te permiten visualizar el resultado final antes de la construcci\u00f3n. Entregamos planos estructurales completos y coordinamos la integraci\u00f3n de todos los elementos clave: arquitectura, sistemas t\u00e9cnicos y [&hellip;]<\/p>\n","protected":false},"author":1,"featured_media":0,"parent":0,"menu_order":0,"comment_status":"closed","ping_status":"closed","template":"","meta":{"footnotes":""},"class_list":["post-3596","page","type-page","status-publish","hentry"],"_links":{"self":[{"href":"https:\/\/aquanovapools.com\/es_cr\/wp-json\/wp\/v2\/pages\/3596","targetHints":{"allow":["GET"]}}],"collection":[{"href":"https:\/\/aquanovapools.com\/es_cr\/wp-json\/wp\/v2\/pages"}],"about":[{"href":"https:\/\/aquanovapools.com\/es_cr\/wp-json\/wp\/v2\/types\/page"}],"author":[{"embeddable":true,"href":"https:\/\/aquanovapools.com\/es_cr\/wp-json\/wp\/v2\/users\/1"}],"replies":[{"embeddable":true,"href":"https:\/\/aquanovapools.com\/es_cr\/wp-json\/wp\/v2\/comments?post=3596"}],"version-history":[{"count":19,"href":"https:\/\/aquanovapools.com\/es_cr\/wp-json\/wp\/v2\/pages\/3596\/revisions"}],"predecessor-version":[{"id":4042,"href":"https:\/\/aquanovapools.com\/es_cr\/wp-json\/wp\/v2\/pages\/3596\/revisions\/4042"}],"wp:attachment":[{"href":"https:\/\/aquanovapools.com\/es_cr\/wp-json\/wp\/v2\/media?parent=3596"}],"curies":[{"name":"wp","href":"https:\/\/api.w.org\/{rel}","templated":true}]}}