{"id":3093,"date":"2025-06-30T21:24:09","date_gmt":"2025-06-30T21:24:09","guid":{"rendered":"https:\/\/aquanovapools.com\/?page_id=3093"},"modified":"2025-08-05T18:44:55","modified_gmt":"2025-08-05T18:44:55","slug":"contratacion","status":"publish","type":"page","link":"https:\/\/aquanovapools.com\/es_cr\/contratacion\/","title":{"rendered":"contratacion"},"content":{"rendered":"\t\t<div data-elementor-type=\"wp-page\" data-elementor-id=\"3093\" class=\"elementor elementor-3093\">\n\t\t\t\t<div class=\"elementor-element elementor-element-1a08dcb e-con-full e-flex e-con e-parent\" data-id=\"1a08dcb\" data-element_type=\"container\" data-settings=\"{&quot;background_background&quot;:&quot;classic&quot;}\">\n\t\t\t\t<div class=\"elementor-element elementor-element-6b0897d elementor-widget elementor-widget-heading\" data-id=\"6b0897d\" data-element_type=\"widget\" data-widget_type=\"heading.default\">\n\t\t\t\t<div class=\"elementor-widget-container\">\n\t\t\t\t\t<h2 class=\"elementor-heading-title elementor-size-default\">Contrataci\u00f3n<\/h2>\t\t\t\t<\/div>\n\t\t\t\t<\/div>\n\t\t\t\t<\/div>\n\t\t<div class=\"elementor-element elementor-element-f732901 e-con-full e-flex e-con e-parent\" data-id=\"f732901\" data-element_type=\"container\">\n\t\t<div class=\"elementor-element elementor-element-dcf0162 e-con-full e-flex e-con e-child\" data-id=\"dcf0162\" data-element_type=\"container\">\n\t\t\t\t<div class=\"elementor-element elementor-element-31f6183 elementor-widget elementor-widget-image\" data-id=\"31f6183\" data-element_type=\"widget\" data-widget_type=\"image.default\">\n\t\t\t\t<div class=\"elementor-widget-container\">\n\t\t\t\t\t\t\t\t\t\t\t\t\t\t\t<img fetchpriority=\"high\" decoding=\"async\" width=\"700\" height=\"700\" src=\"https:\/\/aquanovapools.com\/wp-content\/uploads\/2025\/07\/contratacion.jpg\" class=\"attachment-full size-full wp-image-3561\" alt=\"\" srcset=\"https:\/\/aquanovapools.com\/wp-content\/uploads\/2025\/07\/contratacion.jpg 700w, https:\/\/aquanovapools.com\/wp-content\/uploads\/2025\/07\/contratacion-300x300.jpg 300w, https:\/\/aquanovapools.com\/wp-content\/uploads\/2025\/07\/contratacion-150x150.jpg 150w\" sizes=\"(max-width: 700px) 100vw, 700px\" \/>\t\t\t\t\t\t\t\t\t\t\t\t\t\t\t<\/div>\n\t\t\t\t<\/div>\n\t\t\t\t<\/div>\n\t\t<div class=\"elementor-element elementor-element-7d20d92 e-con-full e-flex e-con e-child\" data-id=\"7d20d92\" data-element_type=\"container\">\n\t\t\t\t<div class=\"elementor-element elementor-element-681c0c9 elementor-widget elementor-widget-heading\" data-id=\"681c0c9\" data-element_type=\"widget\" data-widget_type=\"heading.default\">\n\t\t\t\t<div class=\"elementor-widget-container\">\n\t\t\t\t\t<p class=\"elementor-heading-title elementor-size-default\">Desde la primera idea hasta el \u00faltimo reflejo, nos encargamos de cada detalle para que tu proyecto sea una realidad \u00fanica. Ya sea que sue\u00f1es con una piscina dise\u00f1ada a tu medida, un espejo de agua que eleve la est\u00e9tica de tu arquitectura, o una fuente que se convierta en el punto focal de cualquier espacio, nuestro equipo combina creatividad, experiencia y tecnolog\u00eda de vanguardia.\n<\/br><\/br>\nNos especializamos en el dise\u00f1o personalizado, la construcci\u00f3n con materiales de alta calidad y el mantenimiento profesional, garantizando resultados duraderos y un acabado impecable. Nuestro compromiso es transformar tu visi\u00f3n en un espacio funcional, elegante y lleno de armon\u00eda, para que cada detalle refleje tu estilo y personalidad.\n<\/br><\/br>\nCon nosotros, no solo construyes un proyecto: creas un lugar donde el agua y el dise\u00f1o se unen para inspirar y cautivar.<\/p>\t\t\t\t<\/div>\n\t\t\t\t<\/div>\n\t\t\t\t<\/div>\n\t\t\t\t<\/div>\n\t\t<div class=\"elementor-element elementor-element-d4b1bc1 e-flex e-con-boxed e-con e-parent\" data-id=\"d4b1bc1\" data-element_type=\"container\">\n\t\t\t\t\t<div class=\"e-con-inner\">\n\t\t<div class=\"elementor-element elementor-element-606ef29 e-con-full e-flex e-con e-child\" data-id=\"606ef29\" data-element_type=\"container\">\n\t\t<div class=\"elementor-element elementor-element-3c83d8a e-con-full e-flex e-con e-child\" data-id=\"3c83d8a\" data-element_type=\"container\">\n\t\t\t\t<div class=\"elementor-element elementor-element-24064a0 elementor-widget elementor-widget-image\" data-id=\"24064a0\" data-element_type=\"widget\" data-widget_type=\"image.default\">\n\t\t\t\t<div class=\"elementor-widget-container\">\n\t\t\t\t\t\t\t\t\t\t\t\t\t\t\t\t<a href=\"\/2025\/07\/01\/proyecto-g1\/\">\n\t\t\t\t\t\t\t<img decoding=\"async\" width=\"900\" height=\"900\" src=\"https:\/\/aquanovapools.com\/wp-content\/uploads\/2025\/07\/p5.jpg\" class=\"attachment-full size-full wp-image-3439\" alt=\"\" srcset=\"https:\/\/aquanovapools.com\/wp-content\/uploads\/2025\/07\/p5.jpg 900w, https:\/\/aquanovapools.com\/wp-content\/uploads\/2025\/07\/p5-300x300.jpg 300w, https:\/\/aquanovapools.com\/wp-content\/uploads\/2025\/07\/p5-150x150.jpg 150w, https:\/\/aquanovapools.com\/wp-content\/uploads\/2025\/07\/p5-768x768.jpg 768w\" sizes=\"(max-width: 900px) 100vw, 900px\" \/>\t\t\t\t\t\t\t\t<\/a>\n\t\t\t\t\t\t\t\t\t\t\t\t\t\t\t<\/div>\n\t\t\t\t<\/div>\n\t\t\t\t<\/div>\n\t\t<div class=\"elementor-element elementor-element-56a2acd e-con-full e-flex e-con e-child\" data-id=\"56a2acd\" data-element_type=\"container\">\n\t\t\t\t<div class=\"elementor-element elementor-element-3f8f997 elementor-widget elementor-widget-image\" data-id=\"3f8f997\" data-element_type=\"widget\" data-widget_type=\"image.default\">\n\t\t\t\t<div class=\"elementor-widget-container\">\n\t\t\t\t\t\t\t\t\t\t\t\t\t\t\t\t<a href=\"\/2025\/07\/01\/proyecto-tamarindo-1\/\">\n\t\t\t\t\t\t\t<img decoding=\"async\" width=\"1500\" height=\"1500\" src=\"https:\/\/aquanovapools.com\/wp-content\/uploads\/2025\/07\/tamarondo1.jpg\" class=\"attachment-full size-full wp-image-3524\" alt=\"\" srcset=\"https:\/\/aquanovapools.com\/wp-content\/uploads\/2025\/07\/tamarondo1.jpg 1500w, https:\/\/aquanovapools.com\/wp-content\/uploads\/2025\/07\/tamarondo1-300x300.jpg 300w, https:\/\/aquanovapools.com\/wp-content\/uploads\/2025\/07\/tamarondo1-1024x1024.jpg 1024w, https:\/\/aquanovapools.com\/wp-content\/uploads\/2025\/07\/tamarondo1-150x150.jpg 150w, https:\/\/aquanovapools.com\/wp-content\/uploads\/2025\/07\/tamarondo1-768x768.jpg 768w\" sizes=\"(max-width: 1500px) 100vw, 1500px\" \/>\t\t\t\t\t\t\t\t<\/a>\n\t\t\t\t\t\t\t\t\t\t\t\t\t\t\t<\/div>\n\t\t\t\t<\/div>\n\t\t\t\t<\/div>\n\t\t\t\t<\/div>\n\t\t<div class=\"elementor-element elementor-element-fcf82f4 e-con-full e-flex e-con e-child\" data-id=\"fcf82f4\" data-element_type=\"container\">\n\t\t<div class=\"elementor-element elementor-element-f578997 e-con-full e-flex e-con e-child\" data-id=\"f578997\" data-element_type=\"container\">\n\t\t\t\t<div class=\"elementor-element elementor-element-5b92f88 elementor-widget elementor-widget-image\" data-id=\"5b92f88\" data-element_type=\"widget\" data-widget_type=\"image.default\">\n\t\t\t\t<div class=\"elementor-widget-container\">\n\t\t\t\t\t\t\t\t\t\t\t\t\t\t\t\t<a href=\"\/2025\/07\/29\/proyecto-g2\/\">\n\t\t\t\t\t\t\t<img loading=\"lazy\" decoding=\"async\" width=\"900\" height=\"900\" src=\"https:\/\/aquanovapools.com\/wp-content\/uploads\/2025\/07\/p4.jpg\" class=\"attachment-full size-full wp-image-3438\" alt=\"\" srcset=\"https:\/\/aquanovapools.com\/wp-content\/uploads\/2025\/07\/p4.jpg 900w, https:\/\/aquanovapools.com\/wp-content\/uploads\/2025\/07\/p4-300x300.jpg 300w, https:\/\/aquanovapools.com\/wp-content\/uploads\/2025\/07\/p4-150x150.jpg 150w, https:\/\/aquanovapools.com\/wp-content\/uploads\/2025\/07\/p4-768x768.jpg 768w\" sizes=\"(max-width: 900px) 100vw, 900px\" \/>\t\t\t\t\t\t\t\t<\/a>\n\t\t\t\t\t\t\t\t\t\t\t\t\t\t\t<\/div>\n\t\t\t\t<\/div>\n\t\t\t\t<\/div>\n\t\t\t\t<\/div>\n\t\t<div class=\"elementor-element elementor-element-2881b1c e-con-full e-flex e-con e-child\" data-id=\"2881b1c\" data-element_type=\"container\">\n\t\t<div class=\"elementor-element elementor-element-97dc0f7 e-con-full e-flex e-con e-child\" data-id=\"97dc0f7\" data-element_type=\"container\">\n\t\t\t\t<div class=\"elementor-element elementor-element-7918cab elementor-widget elementor-widget-image\" data-id=\"7918cab\" data-element_type=\"widget\" data-widget_type=\"image.default\">\n\t\t\t\t<div class=\"elementor-widget-container\">\n\t\t\t\t\t\t\t\t\t\t\t\t\t\t\t\t<a href=\"\/2025\/07\/01\/proyecto-ram\/\">\n\t\t\t\t\t\t\t<img loading=\"lazy\" decoding=\"async\" width=\"900\" height=\"900\" src=\"https:\/\/aquanovapools.com\/wp-content\/uploads\/2025\/07\/p3.jpg\" class=\"attachment-full size-full wp-image-3437\" alt=\"\" srcset=\"https:\/\/aquanovapools.com\/wp-content\/uploads\/2025\/07\/p3.jpg 900w, https:\/\/aquanovapools.com\/wp-content\/uploads\/2025\/07\/p3-300x300.jpg 300w, https:\/\/aquanovapools.com\/wp-content\/uploads\/2025\/07\/p3-150x150.jpg 150w, https:\/\/aquanovapools.com\/wp-content\/uploads\/2025\/07\/p3-768x768.jpg 768w\" sizes=\"(max-width: 900px) 100vw, 900px\" \/>\t\t\t\t\t\t\t\t<\/a>\n\t\t\t\t\t\t\t\t\t\t\t\t\t\t\t<\/div>\n\t\t\t\t<\/div>\n\t\t\t\t<\/div>\n\t\t<div class=\"elementor-element elementor-element-1acc231 e-con-full e-flex e-con e-child\" data-id=\"1acc231\" data-element_type=\"container\">\n\t\t\t\t<div class=\"elementor-element elementor-element-f6c99cb elementor-widget elementor-widget-image\" data-id=\"f6c99cb\" data-element_type=\"widget\" data-widget_type=\"image.default\">\n\t\t\t\t<div class=\"elementor-widget-container\">\n\t\t\t\t\t\t\t\t\t\t\t\t\t\t\t\t<a href=\"\/2025\/07\/29\/proyecto-magnavia\/\">\n\t\t\t\t\t\t\t<img loading=\"lazy\" decoding=\"async\" width=\"900\" height=\"900\" src=\"https:\/\/aquanovapools.com\/wp-content\/uploads\/2025\/07\/p1.jpg\" class=\"attachment-full size-full wp-image-3435\" alt=\"\" srcset=\"https:\/\/aquanovapools.com\/wp-content\/uploads\/2025\/07\/p1.jpg 900w, https:\/\/aquanovapools.com\/wp-content\/uploads\/2025\/07\/p1-300x300.jpg 300w, https:\/\/aquanovapools.com\/wp-content\/uploads\/2025\/07\/p1-150x150.jpg 150w, https:\/\/aquanovapools.com\/wp-content\/uploads\/2025\/07\/p1-768x768.jpg 768w\" sizes=\"(max-width: 900px) 100vw, 900px\" \/>\t\t\t\t\t\t\t\t<\/a>\n\t\t\t\t\t\t\t\t\t\t\t\t\t\t\t<\/div>\n\t\t\t\t<\/div>\n\t\t\t\t<\/div>\n\t\t\t\t<\/div>\n\t\t\t\t\t<\/div>\n\t\t\t\t<\/div>\n\t\t\t\t<\/div>\n\t\t","protected":false},"excerpt":{"rendered":"<p>Contrataci\u00f3n Desde la primera idea hasta el \u00faltimo reflejo, nos encargamos de cada detalle para que tu proyecto sea una realidad \u00fanica. Ya sea que sue\u00f1es con una piscina dise\u00f1ada a tu medida, un espejo de agua que eleve la est\u00e9tica de tu arquitectura, o una fuente que se convierta en el punto focal de [&hellip;]<\/p>\n","protected":false},"author":1,"featured_media":0,"parent":0,"menu_order":0,"comment_status":"closed","ping_status":"closed","template":"elementor_header_footer","meta":{"footnotes":""},"class_list":["post-3093","page","type-page","status-publish","hentry"],"_links":{"self":[{"href":"https:\/\/aquanovapools.com\/es_cr\/wp-json\/wp\/v2\/pages\/3093","targetHints":{"allow":["GET"]}}],"collection":[{"href":"https:\/\/aquanovapools.com\/es_cr\/wp-json\/wp\/v2\/pages"}],"about":[{"href":"https:\/\/aquanovapools.com\/es_cr\/wp-json\/wp\/v2\/types\/page"}],"author":[{"embeddable":true,"href":"https:\/\/aquanovapools.com\/es_cr\/wp-json\/wp\/v2\/users\/1"}],"replies":[{"embeddable":true,"href":"https:\/\/aquanovapools.com\/es_cr\/wp-json\/wp\/v2\/comments?post=3093"}],"version-history":[{"count":38,"href":"https:\/\/aquanovapools.com\/es_cr\/wp-json\/wp\/v2\/pages\/3093\/revisions"}],"predecessor-version":[{"id":4045,"href":"https:\/\/aquanovapools.com\/es_cr\/wp-json\/wp\/v2\/pages\/3093\/revisions\/4045"}],"wp:attachment":[{"href":"https:\/\/aquanovapools.com\/es_cr\/wp-json\/wp\/v2\/media?parent=3093"}],"curies":[{"name":"wp","href":"https:\/\/api.w.org\/{rel}","templated":true}]}}