{"id":3587,"date":"2025-07-30T19:47:53","date_gmt":"2025-07-30T19:47:53","guid":{"rendered":"https:\/\/aquanovapools.com\/?page_id=3587"},"modified":"2025-08-05T18:45:07","modified_gmt":"2025-08-05T18:45:07","slug":"electromecanica","status":"publish","type":"page","link":"https:\/\/aquanovapools.com\/en\/electromecanica\/","title":{"rendered":"Electromec\u00e1nica"},"content":{"rendered":"<div data-elementor-type=\"wp-page\" data-elementor-id=\"3587\" class=\"elementor elementor-3587\">\n\t\t\t\t<div class=\"elementor-element elementor-element-73ac3a3 e-con-full e-flex e-con e-parent\" data-id=\"73ac3a3\" data-element_type=\"container\" data-settings=\"{&quot;background_background&quot;:&quot;classic&quot;}\">\n\t\t\t\t<div class=\"elementor-element elementor-element-c732c9a elementor-widget elementor-widget-heading\" data-id=\"c732c9a\" data-element_type=\"widget\" data-widget_type=\"heading.default\">\n\t\t\t\t<div class=\"elementor-widget-container\">\n\t\t\t\t\t<h2 class=\"elementor-heading-title elementor-size-default\">Electromechanical Solutions<\/h2>\t\t\t\t<\/div>\n\t\t\t\t<\/div>\n\t\t\t\t<\/div>\n\t\t<div class=\"elementor-element elementor-element-daa2cd6 e-con-full e-flex e-con e-parent\" data-id=\"daa2cd6\" data-element_type=\"container\">\n\t\t<div class=\"elementor-element elementor-element-9d8ff14 e-con-full e-flex e-con e-child\" data-id=\"9d8ff14\" data-element_type=\"container\">\n\t\t\t\t<div class=\"elementor-element elementor-element-8d92542 elementor-widget elementor-widget-image\" data-id=\"8d92542\" data-element_type=\"widget\" data-widget_type=\"image.default\">\n\t\t\t\t<div class=\"elementor-widget-container\">\n\t\t\t\t\t\t\t\t\t\t\t\t\t\t\t<img fetchpriority=\"high\" decoding=\"async\" width=\"700\" height=\"700\" src=\"https:\/\/aquanovapools.com\/wp-content\/uploads\/2025\/07\/fotopequenaelectro.jpg\" class=\"attachment-full size-full wp-image-3592\" alt=\"\" srcset=\"https:\/\/aquanovapools.com\/wp-content\/uploads\/2025\/07\/fotopequenaelectro.jpg 700w, https:\/\/aquanovapools.com\/wp-content\/uploads\/2025\/07\/fotopequenaelectro-300x300.jpg 300w, https:\/\/aquanovapools.com\/wp-content\/uploads\/2025\/07\/fotopequenaelectro-150x150.jpg 150w\" sizes=\"(max-width: 700px) 100vw, 700px\" \/>\t\t\t\t\t\t\t\t\t\t\t\t\t\t\t<\/div>\n\t\t\t\t<\/div>\n\t\t\t\t<\/div>\n\t\t<div class=\"elementor-element elementor-element-2700209 e-con-full e-flex e-con e-child\" data-id=\"2700209\" data-element_type=\"container\">\n\t\t\t\t<div class=\"elementor-element elementor-element-490b9fe elementor-widget elementor-widget-heading\" data-id=\"490b9fe\" data-element_type=\"widget\" data-widget_type=\"heading.default\">\n\t\t\t\t<div class=\"elementor-widget-container\">\n\t\t\t\t\t<p class=\"elementor-heading-title elementor-size-default\">We install state-of-the-art electromechanical systems for pools and spas, designed to provide maximum comfort and efficiency. Our service includes full automation of pumps, lighting, temperature, and filtration, allowing you to control every aspect of your aquatic space simply and intuitively.\n<\/br><\/br>\nWe implement sustainable technologies such as variable-speed pumps, solar heaters, and chlorine-free disinfection systems, ensuring healthier water, lower energy consumption, and significant reductions in operating costs.\n<\/br><\/br>\nAdditionally, our solutions integrate harmoniously with the architecture and surroundings, providing functionality without compromising aesthetics. With us, every detail is designed so your pool or spa not only performs flawlessly but also reflects innovation, sustainability, and comfort.<\/p>\t\t\t\t<\/div>\n\t\t\t\t<\/div>\n\t\t\t\t<\/div>\n\t\t\t\t<\/div>\n\t\t<div class=\"elementor-element elementor-element-6f1d0a0 e-flex e-con-boxed e-con e-parent\" data-id=\"6f1d0a0\" data-element_type=\"container\">\n\t\t\t\t\t<div class=\"e-con-inner\">\n\t\t<div class=\"elementor-element elementor-element-1ca907e e-con-full e-flex e-con e-child\" data-id=\"1ca907e\" data-element_type=\"container\">\n\t\t<div class=\"elementor-element elementor-element-add3404 e-con-full e-flex e-con e-child\" data-id=\"add3404\" data-element_type=\"container\">\n\t\t\t\t<div class=\"elementor-element elementor-element-a6bbfa1 elementor-widget elementor-widget-image\" data-id=\"a6bbfa1\" data-element_type=\"widget\" data-widget_type=\"image.default\">\n\t\t\t\t<div class=\"elementor-widget-container\">\n\t\t\t\t\t\t\t\t\t\t\t\t\t\t\t\t<a href=\"\/2025\/07\/01\/proyecto-g1\/\">\n\t\t\t\t\t\t\t<img decoding=\"async\" width=\"900\" height=\"900\" src=\"https:\/\/aquanovapools.com\/wp-content\/uploads\/2025\/07\/p5.jpg\" class=\"attachment-full size-full wp-image-3439\" alt=\"\" srcset=\"https:\/\/aquanovapools.com\/wp-content\/uploads\/2025\/07\/p5.jpg 900w, https:\/\/aquanovapools.com\/wp-content\/uploads\/2025\/07\/p5-300x300.jpg 300w, https:\/\/aquanovapools.com\/wp-content\/uploads\/2025\/07\/p5-150x150.jpg 150w, https:\/\/aquanovapools.com\/wp-content\/uploads\/2025\/07\/p5-768x768.jpg 768w\" sizes=\"(max-width: 900px) 100vw, 900px\" \/>\t\t\t\t\t\t\t\t<\/a>\n\t\t\t\t\t\t\t\t\t\t\t\t\t\t\t<\/div>\n\t\t\t\t<\/div>\n\t\t\t\t<\/div>\n\t\t<div class=\"elementor-element elementor-element-4fad3a6 e-con-full e-flex e-con e-child\" data-id=\"4fad3a6\" data-element_type=\"container\">\n\t\t\t\t<div class=\"elementor-element elementor-element-803562c elementor-widget elementor-widget-image\" data-id=\"803562c\" data-element_type=\"widget\" data-widget_type=\"image.default\">\n\t\t\t\t<div class=\"elementor-widget-container\">\n\t\t\t\t\t\t\t\t\t\t\t\t\t\t\t\t<a href=\"\/2025\/07\/01\/proyecto-tamarindo-1\/\">\n\t\t\t\t\t\t\t<img decoding=\"async\" width=\"1500\" height=\"1500\" src=\"https:\/\/aquanovapools.com\/wp-content\/uploads\/2025\/07\/tamarondo1.jpg\" class=\"attachment-full size-full wp-image-3524\" alt=\"\" srcset=\"https:\/\/aquanovapools.com\/wp-content\/uploads\/2025\/07\/tamarondo1.jpg 1500w, https:\/\/aquanovapools.com\/wp-content\/uploads\/2025\/07\/tamarondo1-300x300.jpg 300w, https:\/\/aquanovapools.com\/wp-content\/uploads\/2025\/07\/tamarondo1-1024x1024.jpg 1024w, https:\/\/aquanovapools.com\/wp-content\/uploads\/2025\/07\/tamarondo1-150x150.jpg 150w, https:\/\/aquanovapools.com\/wp-content\/uploads\/2025\/07\/tamarondo1-768x768.jpg 768w\" sizes=\"(max-width: 1500px) 100vw, 1500px\" \/>\t\t\t\t\t\t\t\t<\/a>\n\t\t\t\t\t\t\t\t\t\t\t\t\t\t\t<\/div>\n\t\t\t\t<\/div>\n\t\t\t\t<\/div>\n\t\t\t\t<\/div>\n\t\t<div class=\"elementor-element elementor-element-038a131 e-con-full e-flex e-con e-child\" data-id=\"038a131\" data-element_type=\"container\">\n\t\t<div class=\"elementor-element elementor-element-212a22a e-con-full e-flex e-con e-child\" data-id=\"212a22a\" data-element_type=\"container\">\n\t\t\t\t<div class=\"elementor-element elementor-element-91cc357 elementor-widget elementor-widget-image\" data-id=\"91cc357\" data-element_type=\"widget\" data-widget_type=\"image.default\">\n\t\t\t\t<div class=\"elementor-widget-container\">\n\t\t\t\t\t\t\t\t\t\t\t\t\t\t\t\t<a href=\"\/2025\/07\/29\/proyecto-g2\/\">\n\t\t\t\t\t\t\t<img loading=\"lazy\" decoding=\"async\" width=\"900\" height=\"900\" src=\"https:\/\/aquanovapools.com\/wp-content\/uploads\/2025\/07\/p4.jpg\" class=\"attachment-full size-full wp-image-3438\" alt=\"\" srcset=\"https:\/\/aquanovapools.com\/wp-content\/uploads\/2025\/07\/p4.jpg 900w, https:\/\/aquanovapools.com\/wp-content\/uploads\/2025\/07\/p4-300x300.jpg 300w, https:\/\/aquanovapools.com\/wp-content\/uploads\/2025\/07\/p4-150x150.jpg 150w, https:\/\/aquanovapools.com\/wp-content\/uploads\/2025\/07\/p4-768x768.jpg 768w\" sizes=\"(max-width: 900px) 100vw, 900px\" \/>\t\t\t\t\t\t\t\t<\/a>\n\t\t\t\t\t\t\t\t\t\t\t\t\t\t\t<\/div>\n\t\t\t\t<\/div>\n\t\t\t\t<\/div>\n\t\t\t\t<\/div>\n\t\t<div class=\"elementor-element elementor-element-4446bf5 e-con-full e-flex e-con e-child\" data-id=\"4446bf5\" data-element_type=\"container\">\n\t\t<div class=\"elementor-element elementor-element-7e6a445 e-con-full e-flex e-con e-child\" data-id=\"7e6a445\" data-element_type=\"container\">\n\t\t\t\t<div class=\"elementor-element elementor-element-a5aa6a9 elementor-widget elementor-widget-image\" data-id=\"a5aa6a9\" data-element_type=\"widget\" data-widget_type=\"image.default\">\n\t\t\t\t<div class=\"elementor-widget-container\">\n\t\t\t\t\t\t\t\t\t\t\t\t\t\t\t\t<a href=\"\/2025\/07\/01\/proyecto-ram\/\">\n\t\t\t\t\t\t\t<img loading=\"lazy\" decoding=\"async\" width=\"900\" height=\"900\" src=\"https:\/\/aquanovapools.com\/wp-content\/uploads\/2025\/07\/p3.jpg\" class=\"attachment-full size-full wp-image-3437\" alt=\"\" srcset=\"https:\/\/aquanovapools.com\/wp-content\/uploads\/2025\/07\/p3.jpg 900w, https:\/\/aquanovapools.com\/wp-content\/uploads\/2025\/07\/p3-300x300.jpg 300w, https:\/\/aquanovapools.com\/wp-content\/uploads\/2025\/07\/p3-150x150.jpg 150w, https:\/\/aquanovapools.com\/wp-content\/uploads\/2025\/07\/p3-768x768.jpg 768w\" sizes=\"(max-width: 900px) 100vw, 900px\" \/>\t\t\t\t\t\t\t\t<\/a>\n\t\t\t\t\t\t\t\t\t\t\t\t\t\t\t<\/div>\n\t\t\t\t<\/div>\n\t\t\t\t<\/div>\n\t\t<div class=\"elementor-element elementor-element-c0d9804 e-con-full e-flex e-con e-child\" data-id=\"c0d9804\" data-element_type=\"container\">\n\t\t\t\t<div class=\"elementor-element elementor-element-4df0143 elementor-widget elementor-widget-image\" data-id=\"4df0143\" data-element_type=\"widget\" data-widget_type=\"image.default\">\n\t\t\t\t<div class=\"elementor-widget-container\">\n\t\t\t\t\t\t\t\t\t\t\t\t\t\t\t\t<a href=\"\/2025\/07\/29\/proyecto-magnavia\/\">\n\t\t\t\t\t\t\t<img loading=\"lazy\" decoding=\"async\" width=\"900\" height=\"900\" src=\"https:\/\/aquanovapools.com\/wp-content\/uploads\/2025\/07\/p1.jpg\" class=\"attachment-full size-full wp-image-3435\" alt=\"\" srcset=\"https:\/\/aquanovapools.com\/wp-content\/uploads\/2025\/07\/p1.jpg 900w, https:\/\/aquanovapools.com\/wp-content\/uploads\/2025\/07\/p1-300x300.jpg 300w, https:\/\/aquanovapools.com\/wp-content\/uploads\/2025\/07\/p1-150x150.jpg 150w, https:\/\/aquanovapools.com\/wp-content\/uploads\/2025\/07\/p1-768x768.jpg 768w\" sizes=\"(max-width: 900px) 100vw, 900px\" \/>\t\t\t\t\t\t\t\t<\/a>\n\t\t\t\t\t\t\t\t\t\t\t\t\t\t\t<\/div>\n\t\t\t\t<\/div>\n\t\t\t\t<\/div>\n\t\t\t\t<\/div>\n\t\t\t\t\t<\/div>\n\t\t\t\t<\/div>\n\t\t\t\t<\/div>","protected":false},"excerpt":{"rendered":"<p>Soluciones Electromec\u00e1nicas Instalamos sistemas electromec\u00e1nicos de \u00faltima generaci\u00f3n para piscinas y spas, dise\u00f1ados para ofrecer el m\u00e1ximo confort y eficiencia. Nuestro servicio incluye la automatizaci\u00f3n completa de bombas, luces, temperatura y filtraci\u00f3n, permiti\u00e9ndote controlar cada aspecto de tu espacio acu\u00e1tico de forma simple e intuitiva. Implementamos tecnolog\u00edas sostenibles como bombas de velocidad variable, calentadores solares [&hellip;]<\/p>","protected":false},"author":1,"featured_media":0,"parent":0,"menu_order":0,"comment_status":"closed","ping_status":"closed","template":"","meta":{"footnotes":""},"class_list":["post-3587","page","type-page","status-publish","hentry"],"_links":{"self":[{"href":"https:\/\/aquanovapools.com\/en\/wp-json\/wp\/v2\/pages\/3587","targetHints":{"allow":["GET"]}}],"collection":[{"href":"https:\/\/aquanovapools.com\/en\/wp-json\/wp\/v2\/pages"}],"about":[{"href":"https:\/\/aquanovapools.com\/en\/wp-json\/wp\/v2\/types\/page"}],"author":[{"embeddable":true,"href":"https:\/\/aquanovapools.com\/en\/wp-json\/wp\/v2\/users\/1"}],"replies":[{"embeddable":true,"href":"https:\/\/aquanovapools.com\/en\/wp-json\/wp\/v2\/comments?post=3587"}],"version-history":[{"count":14,"href":"https:\/\/aquanovapools.com\/en\/wp-json\/wp\/v2\/pages\/3587\/revisions"}],"predecessor-version":[{"id":4048,"href":"https:\/\/aquanovapools.com\/en\/wp-json\/wp\/v2\/pages\/3587\/revisions\/4048"}],"wp:attachment":[{"href":"https:\/\/aquanovapools.com\/en\/wp-json\/wp\/v2\/media?parent=3587"}],"curies":[{"name":"wp","href":"https:\/\/api.w.org\/{rel}","templated":true}]}}